{"id":503,"date":"2025-07-17T10:34:53","date_gmt":"2025-07-17T08:34:53","guid":{"rendered":"https:\/\/www.asiaselma.com\/contacte\/"},"modified":"2025-09-26T17:13:48","modified_gmt":"2025-09-26T15:13:48","slug":"contacte","status":"publish","type":"page","link":"https:\/\/www.asiaselma.com\/ca\/contacte\/","title":{"rendered":"Contacte"},"content":{"rendered":"<p>[et_pb_section fb_built=&#8221;1&#8243; _builder_version=&#8221;4.27.4&#8243; _module_preset=&#8221;default&#8221; background_enable_image=&#8221;off&#8221; background_size=&#8221;contain&#8221; background_position=&#8221;center_left&#8221; width=&#8221;80%&#8221; max_width=&#8221;80%&#8221; module_alignment=&#8221;center&#8221; global_colors_info=&#8221;{}&#8221;][et_pb_row column_structure=&#8221;2_3,1_3&#8243; _builder_version=&#8221;4.27.4&#8243; _module_preset=&#8221;default&#8221; global_colors_info=&#8221;{}&#8221;][et_pb_column type=&#8221;2_3&#8243; _builder_version=&#8221;4.27.4&#8243; _module_preset=&#8221;default&#8221; global_colors_info=&#8221;{}&#8221;][dipl_double_color_heading heading_pre_part=&#8221;\u00bfQuieres contarme tu&#8221; heading_main_part=&#8221;proyecto&#8221; heading_post_part=&#8221;?&#8221; _builder_version=&#8221;4.27.4&#8243; _module_preset=&#8221;default&#8221; pre_header_font_size=&#8221;40px&#8221; main_header_font=&#8221;||||||||&#8221; main_header_text_color=&#8221;gcid-primary-color&#8221; main_header_font_size=&#8221;40px&#8221; post_header_font_size=&#8221;40px&#8221; pre_header_font_size_tablet=&#8221;40px&#8221; pre_header_font_size_phone=&#8221;30px&#8221; pre_header_font_size_last_edited=&#8221;on|phone&#8221; main_header_font_size_tablet=&#8221;40px&#8221; main_header_font_size_phone=&#8221;30px&#8221; main_header_font_size_last_edited=&#8221;on|phone&#8221; post_header_font_size_tablet=&#8221;40px&#8221; post_header_font_size_phone=&#8221;30px&#8221; post_header_font_size_last_edited=&#8221;on|phone&#8221; global_colors_info=&#8221;{%22gcid-primary-color%22:%91%22main_header_text_color%22%93}&#8221;][\/dipl_double_color_heading][et_pb_text _builder_version=&#8221;4.27.4&#8243; _module_preset=&#8221;default&#8221; text_font=&#8221;&#8211;et_global_body_font|300|||||||&#8221; text_font_size=&#8221;17px&#8221; global_colors_info=&#8221;{}&#8221;]<\/p>\n<p>Si heu arribat fins aqu\u00ed, gr\u00e0cies.<\/p>\n<p>Potser has vist res que ressona amb tu, o sents que la comunicaci\u00f3 del teu projecte podria tenir m\u00e9s sentit, estructura o impacte.<\/p>\n<p>Sigui el que sigui, em pots escriure amb total confian\u00e7a. Llegeixo i responc personalment tots els missatges, i si crec que et puc ajudar, t&#8217;ho dir\u00e9. I si no, tamb\u00e9.<\/p>\n<p>[\/et_pb_text][\/et_pb_column][et_pb_column type=&#8221;1_3&#8243; _builder_version=&#8221;4.27.4&#8243; _module_preset=&#8221;default&#8221; global_colors_info=&#8221;{}&#8221;][dipl_image_mask mask_image=&#8221;http:\/\/www.asiaselma.com\/wp-content\/uploads\/2025\/07\/Consultora-de-comunicacion.jpg&#8221; mask_type=&#8221;fluid&#8221; fluid_style=&#8221;fluid_4&#8243; _builder_version=&#8221;4.27.4&#8243; _module_preset=&#8221;default&#8221; global_colors_info=&#8221;{}&#8221;][\/dipl_image_mask][\/et_pb_column][\/et_pb_row][\/et_pb_section][et_pb_section fb_built=&#8221;1&#8243; _builder_version=&#8221;4.27.4&#8243; _module_preset=&#8221;default&#8221; background_color=&#8221;gcid-2109b9d7-36d1-4e2a-8601-823818cd747f&#8221; global_colors_info=&#8221;{%22gcid-2109b9d7-36d1-4e2a-8601-823818cd747f%22:%91%22background_color%22%93}&#8221;][et_pb_row _builder_version=&#8221;4.27.4&#8243; _module_preset=&#8221;default&#8221; global_colors_info=&#8221;{}&#8221;][et_pb_column type=&#8221;4_4&#8243; _builder_version=&#8221;4.27.4&#8243; _module_preset=&#8221;default&#8221; global_colors_info=&#8221;{}&#8221;][et_pb_text _builder_version=&#8221;4.27.4&#8243; _module_preset=&#8221;default&#8221; text_font=&#8221;&#8211;et_global_heading_font|600|||||||&#8221; text_font_size=&#8221;20px&#8221; global_colors_info=&#8221;{}&#8221;]<\/p>\n<p style=\"text-align: center;\">De vegades costa fer el pas. O saber si \u00e9s el moment.<br data-start=\"1735\" data-end=\"1738\">Aqu\u00ed no fa falta tenir-ho tot clar: n&#8217;hi ha prou amb voler comunicar millor.<br data-start=\"1812\" data-end=\"1815\">I si no \u00e9s el moment, per\u00f2 vols guardar el contacte, tamb\u00e9 est\u00e0 b\u00e9.<\/p>\n<p>[\/et_pb_text][\/et_pb_column][\/et_pb_row][\/et_pb_section][et_pb_section fb_built=&#8221;1&#8243; _builder_version=&#8221;4.27.4&#8243; _module_preset=&#8221;default&#8221; background_enable_image=&#8221;off&#8221; background_size=&#8221;contain&#8221; background_position=&#8221;center_left&#8221; width=&#8221;80%&#8221; max_width=&#8221;80%&#8221; module_alignment=&#8221;center&#8221; global_colors_info=&#8221;{}&#8221;][et_pb_row _builder_version=&#8221;4.27.4&#8243; _module_preset=&#8221;default&#8221; global_colors_info=&#8221;{}&#8221;][et_pb_column type=&#8221;4_4&#8243; _builder_version=&#8221;4.27.4&#8243; _module_preset=&#8221;default&#8221; global_colors_info=&#8221;{}&#8221;][et_pb_text _builder_version=&#8221;4.27.4&#8243; _module_preset=&#8221;default&#8221; text_font=&#8221;&#8211;et_global_heading_font|600|||||||&#8221; text_font_size=&#8221;35px&#8221; text_line_height=&#8221;1.3em&#8221; global_colors_info=&#8221;{}&#8221;]<\/p>\n<p>Aqu\u00ed comen\u00e7a la conversa. Escriu-me sense comprom\u00eds i et respondr\u00e9 personalment.<\/p>\n<p>[\/et_pb_text][et_pb_text _builder_version=&#8221;4.27.4&#8243; _module_preset=&#8221;default&#8221; text_font=&#8221;&#8211;et_global_body_font|300|||||||&#8221; text_font_size=&#8221;17px&#8221; global_colors_info=&#8221;{}&#8221;]<\/p>\n<p>Un cop envieu el formulari, veureu una confirmaci\u00f3 autom\u00e0tica.<\/p>\n<p>S\u00f2l respondre en un termini m\u00e0xim de 2\u20133 dies laborables. Si prefereixes que et truqui o escrigui per Whatsapp, deixa&#8217;m el teu contacte.<\/p>\n<p>Nom\u00e9s necessito que m&#8217;expliquis amb claredat qu\u00e8 necessites o qu\u00e8 t&#8217;agradaria valorar.<\/p>\n<p>[\/et_pb_text][et_pb_contact_form captcha=&#8221;off&#8221; email=&#8221;hola@asiaselma.com&#8221; success_message=&#8221;Gr\u00e0cies per contactar amb mi. En m\u00e0xim 48h et contestar\u00e9. Revisa la carpeta d&#039;spam o desa el meu correu hola@asiaselma.com en contactes per no perdre&#039;t la resposta.  &#8221; submit_button_text=&#8221;Contactar&#8221; _builder_version=&#8221;4.27.4&#8243; _module_preset=&#8221;default&#8221; _unique_id=&#8221;2526f191-7278-4f6c-98a0-df4d7b574075&#8243; form_field_background_color=&#8221;rgba(178,167,126,0.32)&#8221; form_field_text_color=&#8221;gcid-body-color&#8221; title_font_size=&#8221;26px&#8221; form_field_font=&#8221;&#8211;et_global_body_font|300|||||||&#8221; form_field_text_align=&#8221;left&#8221; form_field_font_size=&#8221;17px&#8221; custom_button=&#8221;on&#8221; button_text_size=&#8221;17px&#8221; button_text_color=&#8221;#FFFFFF&#8221; button_bg_color=&#8221;gcid-primary-color&#8221; button_border_width=&#8221;0px&#8221; hover_enabled=&#8221;0&#8243; box_shadow_style=&#8221;preset2&#8243; box_shadow_blur=&#8221;7px&#8221; box_shadow_spread=&#8221;-6px&#8221; box_shadow_style_button=&#8221;preset3&#8243; global_colors_info=&#8221;{%22gcid-primary-color%22:%91%22button_bg_color%22%93,%22gcid-body-color%22:%91%22form_field_text_color%22%93}&#8221; sticky_enabled=&#8221;0&#8243;][et_pb_contact_field field_id=&#8221;Name&#8221; field_title=&#8221;Nom&#8221; _builder_version=&#8221;4.27.4&#8243; global_colors_info=&#8221;{}&#8221; button_text_size__hover_enabled=&#8221;off&#8221; button_one_text_size__hover_enabled=&#8221;off&#8221; button_two_text_size__hover_enabled=&#8221;off&#8221; button_text_color__hover_enabled=&#8221;off&#8221; button_one_text_color__hover_enabled=&#8221;off&#8221; button_two_text_color__hover_enabled=&#8221;off&#8221; button_border_width__hover_enabled=&#8221;off&#8221; button_one_border_width__hover_enabled=&#8221;off&#8221; button_two_border_width__hover_enabled=&#8221;off&#8221; button_border_color__hover_enabled=&#8221;off&#8221; button_one_border_color__hover_enabled=&#8221;off&#8221; button_two_border_color__hover_enabled=&#8221;off&#8221; button_border_radius__hover_enabled=&#8221;off&#8221; button_one_border_radius__hover_enabled=&#8221;off&#8221; button_two_border_radius__hover_enabled=&#8221;off&#8221; button_letter_spacing__hover_enabled=&#8221;off&#8221; button_one_letter_spacing__hover_enabled=&#8221;off&#8221; button_two_letter_spacing__hover_enabled=&#8221;off&#8221; button_bg_color__hover_enabled=&#8221;off&#8221; button_one_bg_color__hover_enabled=&#8221;off&#8221; button_two_bg_color__hover_enabled=&#8221;off&#8221;][\/et_pb_contact_field][et_pb_contact_field field_id=&#8221;Project-name&#8221; field_title=&#8221;Nom del projecte o entitat&#8221; required_mark=&#8221;off&#8221; _builder_version=&#8221;4.27.4&#8243; _module_preset=&#8221;default&#8221; global_colors_info=&#8221;{}&#8221;][\/et_pb_contact_field][et_pb_contact_field field_id=&#8221;Email&#8221; field_title=&#8221;Adre\u00e7a de correu electr\u00f2nic&#8221; field_type=&#8221;email&#8221; _builder_version=&#8221;4.27.4&#8243; global_colors_info=&#8221;{}&#8221; button_text_size__hover_enabled=&#8221;off&#8221; button_one_text_size__hover_enabled=&#8221;off&#8221; button_two_text_size__hover_enabled=&#8221;off&#8221; button_text_color__hover_enabled=&#8221;off&#8221; button_one_text_color__hover_enabled=&#8221;off&#8221; button_two_text_color__hover_enabled=&#8221;off&#8221; button_border_width__hover_enabled=&#8221;off&#8221; button_one_border_width__hover_enabled=&#8221;off&#8221; button_two_border_width__hover_enabled=&#8221;off&#8221; button_border_color__hover_enabled=&#8221;off&#8221; button_one_border_color__hover_enabled=&#8221;off&#8221; button_two_border_color__hover_enabled=&#8221;off&#8221; button_border_radius__hover_enabled=&#8221;off&#8221; button_one_border_radius__hover_enabled=&#8221;off&#8221; button_two_border_radius__hover_enabled=&#8221;off&#8221; button_letter_spacing__hover_enabled=&#8221;off&#8221; button_one_letter_spacing__hover_enabled=&#8221;off&#8221; button_two_letter_spacing__hover_enabled=&#8221;off&#8221; button_bg_color__hover_enabled=&#8221;off&#8221; button_one_bg_color__hover_enabled=&#8221;off&#8221; button_two_bg_color__hover_enabled=&#8221;off&#8221;][\/et_pb_contact_field][et_pb_contact_field field_id=&#8221;\u00bfQu\u00e9_est\u00e1s_buscando?&#8221; field_title=&#8221;Qu\u00e8 us interessa?&#8221; field_type=&#8221;select&#8221; select_options=&#8221;%91{%22value%22:%22Consultoria o pla de comunicaci\u00f3%22,%22checked%22:0,%22dragID%22:-1},{%22dragID%22:2,%22value%22:%22SEO i Posicionament web%22,%22checked%22:0},{%22dragID%22:1,%22value%22:%22M\u00e0rqueting digital o Growth M\u00e0rqueting%22,%22checked%22:0},{%22dragID%22:3,%22value%22:%22Formacions%22,%22checked%22:0},{%22dragID%22:4,%22value%22:%22Un altre%22,%22checked%22:0}%93&#8243; _builder_version=&#8221;4.27.4&#8243; _module_preset=&#8221;default&#8221; global_colors_info=&#8221;{}&#8221;][\/et_pb_contact_field][et_pb_contact_field field_id=&#8221;Message&#8221; field_title=&#8221;Explica&apos;m quines necessitats tens i qu\u00e8 t&apos;agradaria treballar amb mi&#8221; field_type=&#8221;text&#8221; fullwidth_field=&#8221;on&#8221; _builder_version=&#8221;4.27.4&#8243; global_colors_info=&#8221;{}&#8221; button_text_size__hover_enabled=&#8221;off&#8221; button_one_text_size__hover_enabled=&#8221;off&#8221; button_two_text_size__hover_enabled=&#8221;off&#8221; button_text_color__hover_enabled=&#8221;off&#8221; button_one_text_color__hover_enabled=&#8221;off&#8221; button_two_text_color__hover_enabled=&#8221;off&#8221; button_border_width__hover_enabled=&#8221;off&#8221; button_one_border_width__hover_enabled=&#8221;off&#8221; button_two_border_width__hover_enabled=&#8221;off&#8221; button_border_color__hover_enabled=&#8221;off&#8221; button_one_border_color__hover_enabled=&#8221;off&#8221; button_two_border_color__hover_enabled=&#8221;off&#8221; button_border_radius__hover_enabled=&#8221;off&#8221; button_one_border_radius__hover_enabled=&#8221;off&#8221; button_two_border_radius__hover_enabled=&#8221;off&#8221; button_letter_spacing__hover_enabled=&#8221;off&#8221; button_one_letter_spacing__hover_enabled=&#8221;off&#8221; button_two_letter_spacing__hover_enabled=&#8221;off&#8221; button_bg_color__hover_enabled=&#8221;off&#8221; button_one_bg_color__hover_enabled=&#8221;off&#8221; button_two_bg_color__hover_enabled=&#8221;off&#8221;][\/et_pb_contact_field][et_pb_contact_field field_id=&#8221;policy&#8221; field_title=&#8221; &#8221; field_type=&#8221;checkbox&#8221; checkbox_options=&#8221;%91{%22value%22:%22He llegit i accepto la  %22,%22checked%22:0,%22dragID%22:-1,%22link_url%22:%22https:%92\/%92\/www.asiaselma.com%92\/politica-privacidad%92\/%22,%22link_text%22:%22Pol\u00edtica de Privadesa%22}%93&#8243; fullwidth_field=&#8221;on&#8221; _builder_version=&#8221;4.27.4&#8243; _module_preset=&#8221;default&#8221; global_colors_info=&#8221;{}&#8221;][\/et_pb_contact_field][\/et_pb_contact_form][et_pb_text _builder_version=&#8221;4.27.4&#8243; _module_preset=&#8221;default&#8221; global_colors_info=&#8221;{}&#8221;]Los datos facilitados ser\u00e1n tratados para gestionar la solicitud y mantener la comunicaci\u00f3n. Puedes consultar toda la informaci\u00f3n sobre c\u00f3mo trato tus datos en la <a href=\"https:\/\/www.asiaselma.com\/politica-privacidad\/\" rel=\"nofollow\">pol\u00edtica de privacidad<\/a>[\/et_pb_text][\/et_pb_column][\/et_pb_row][\/et_pb_section]<\/p>\n","protected":false},"excerpt":{"rendered":"<p><div class=\"et_pb_module dipl_double_color_heading dipl_double_color_heading_0 \">\n\t\t\t\t\n\t\t\t\t\n\t\t\t\t\n\t\t\t\t\n\t\t\t\t\n\t\t\t\t\n\t\t\t\t<div class=\"et_pb_module_inner\">\n\t\t\t\t\t<div class=\"dipl_text_wrapper\"><h2><span class=\"dipl_pre_text\">\u00bfQuieres contarme tu<\/span><span class=\"dipl_main_text\">proyecto<\/span><span class=\"dipl_post_text\">?<\/span><\/h2><\/div>\n\t\t\t\t<\/div>\n\t\t\t<\/div>Si heu arribat fins aqu\u00ed, gr\u00e0cies. Potser has vist res que ressona amb tu, o sents que la comunicaci\u00f3 del teu projecte podria tenir m\u00e9s sentit, estructura o impacte. Sigui el que sigui, [&hellip;]<\/p>\n","protected":false},"author":1,"featured_media":499,"parent":0,"menu_order":0,"comment_status":"closed","ping_status":"closed","template":"","meta":{"_et_pb_use_builder":"on","_et_pb_old_content":"","_et_gb_content_width":"","footnotes":""},"difl_page_category":[],"class_list":["post-503","page","type-page","status-publish","has-post-thumbnail","hentry"],"_links":{"self":[{"href":"https:\/\/www.asiaselma.com\/ca\/wp-json\/wp\/v2\/pages\/503","targetHints":{"allow":["GET"]}}],"collection":[{"href":"https:\/\/www.asiaselma.com\/ca\/wp-json\/wp\/v2\/pages"}],"about":[{"href":"https:\/\/www.asiaselma.com\/ca\/wp-json\/wp\/v2\/types\/page"}],"author":[{"embeddable":true,"href":"https:\/\/www.asiaselma.com\/ca\/wp-json\/wp\/v2\/users\/1"}],"replies":[{"embeddable":true,"href":"https:\/\/www.asiaselma.com\/ca\/wp-json\/wp\/v2\/comments?post=503"}],"version-history":[{"count":11,"href":"https:\/\/www.asiaselma.com\/ca\/wp-json\/wp\/v2\/pages\/503\/revisions"}],"predecessor-version":[{"id":1550,"href":"https:\/\/www.asiaselma.com\/ca\/wp-json\/wp\/v2\/pages\/503\/revisions\/1550"}],"wp:featuredmedia":[{"embeddable":true,"href":"https:\/\/www.asiaselma.com\/ca\/wp-json\/wp\/v2\/media\/499"}],"wp:attachment":[{"href":"https:\/\/www.asiaselma.com\/ca\/wp-json\/wp\/v2\/media?parent=503"}],"wp:term":[{"taxonomy":"difl_page_category","embeddable":true,"href":"https:\/\/www.asiaselma.com\/ca\/wp-json\/wp\/v2\/difl_page_category?post=503"}],"curies":[{"name":"wp","href":"https:\/\/api.w.org\/{rel}","templated":true}]}}