{"id":541,"date":"2024-11-14T15:23:05","date_gmt":"2024-11-14T14:23:05","guid":{"rendered":"https:\/\/www.asiaselma.com\/politica-de-privadesa\/"},"modified":"2025-09-21T21:25:20","modified_gmt":"2025-09-21T19:25:20","slug":"politica-de-privadesa","status":"publish","type":"page","link":"https:\/\/www.asiaselma.com\/ca\/politica-de-privadesa\/","title":{"rendered":"Pol\u00edtica de privadesa"},"content":{"rendered":"<p>[et_pb_section fb_built=&#8221;1&#8243; admin_label=&#8221;section&#8221; _builder_version=&#8221;4.16&#8243; global_colors_info=&#8221;{}&#8221;][et_pb_row admin_label=&#8221;row&#8221; _builder_version=&#8221;4.16&#8243; background_size=&#8221;initial&#8221; background_position=&#8221;top_left&#8221; background_repeat=&#8221;repeat&#8221; global_colors_info=&#8221;{}&#8221;][et_pb_column type=&#8221;4_4&#8243; _builder_version=&#8221;4.16&#8243; custom_padding=&#8221;|||&#8221; global_colors_info=&#8221;{}&#8221; custom_padding__hover=&#8221;|||&#8221;][et_pb_text admin_label=&#8221;Text&#8221; _builder_version=&#8221;4.27.4&#8243; background_size=&#8221;initial&#8221; background_position=&#8221;top_left&#8221; background_repeat=&#8221;repeat&#8221; hover_enabled=&#8221;0&#8243; global_colors_info=&#8221;{}&#8221; sticky_enabled=&#8221;0&#8243;]<\/p>\n<h1><span>  POL\u00cdTICA DE PRIVACITAT<\/span><\/h1>\n<p>En compliment del Cap\u00edtol II de la llei 34\/2002, LSSICE, us informem que aquesta p\u00e0gina web \u00e9s propietat d&#8217;ASIA SELMA FERNANDEZ, d&#8217;ara endavant tamb\u00e9 el Prestador, domiciliada a Ptge. Federica Montseny i Ma\u00f1\u00e9, 7, Santa Perp\u00e8tua de. Mogoda, tel\u00e8fon de contacte: 691.038.634, i email: hola@asiaselma.com <\/p>\n<p>\u00c0sia Selma Fern\u00e1ndez, com a responsable del present Lloc Web i de conformitat amb el que disposa la normativa vigent en mat\u00e8ria de protecci\u00f3 de dades personals, el Reglament (UE) 2016\/679 de 27 d&#8217;abril de 2016 (RGPD) relatiu a la protecci\u00f3 de les persones f\u00edsiques quant al tractament de dades personals ia la lliure circulaci\u00f3 d&#8217;aquestes dades, la de (LOPD-GDD) i per la Llei 34\/2002, d&#8217;11 de juliol, de Serveis de la Societat de la Informaci\u00f3 i del Comer\u00e7 Electr\u00f2nic (LSSICE), t\u00e9 implementades totes les mesures de seguretat, d&#8217;\u00edndole t\u00e8cnica i organitzatives, establertes al Reial decret 1720\/2002 garantir i protegir la confidencialitat, integritat.<\/p>\n<h2><\/h2>\n<table>\n<tbody>\n<tr>\n<td><b>RESPONSABLE TRACTAMENT<\/b><\/td>\n<td>\n<p><span>\u00c0SIA SELMA FERN\u00c1NDEZ<\/span><\/p>\n<p><span>PTGE. FEDERICA MONTSENY I MA\u00d1\u00c9, 7 , SANTA PERP\u00c8TUA DE MOGODA, <\/span><span>  BARCELONA<\/span><\/p>\n<\/td>\n<\/tr>\n<tr>\n<td><b>FINALITAT<\/b><\/td>\n<td>\n<p><span>Gestionar les vostres dades de contacte, l&#8217;enviament de comunicacions sobre serveis, productes i esdeveniments.<\/span><\/p>\n<p><span>Elaboraci\u00f3 de pressupostos.<\/span><\/p>\n<p><span>No es prenen decisions automatitzades ni s&#8217;elaboren perfils<\/span><\/p>\n<\/td>\n<\/tr>\n<tr>\n<td><b>LEGITIMACI\u00d3<\/b><\/td>\n<td>\n<p><span>Art. 6.1.a) l&#8217;interessat va donar el seu consentiment<\/span><\/p>\n<p><span>Art. 6.1.c) per obligaci\u00f3 legal<\/span><\/p>\n<\/td>\n<\/tr>\n<tr>\n<td><b>DESTINATARIS<\/b><\/td>\n<td>\n<p><span>Per obligaci\u00f3 legal<\/span><\/p>\n<p><span>Organitzacions o persones directament relacionades amb \u00c0sia Selma Fernandez.<\/span><\/p>\n<p><span>Forces i cossos de seguretat de l&#8217;Estat<\/span><\/p>\n<p><span>Entitats Asseguradores<\/span><\/p>\n<p><span>Ag\u00e8ncia Espanyola i\/o Catalana de Protecci\u00f3 de Dades<\/span><\/p>\n<p><span>No es faran transfer\u00e8ncies internacionals de dades.<\/span><\/p>\n<\/td>\n<\/tr>\n<tr>\n<td><b>DRETS<\/b><\/td>\n<td>\n<p><span>PTGE. FEDERICA MONTSENY I MA\u00d1\u00c9, 7 , SANTA PERP\u00c8TUA DE MOGODA, <\/span><span>  BARCELONA<\/span><\/p>\n<p><span>hola@asiaselma.com<\/span><\/p>\n<\/td>\n<\/tr>\n<\/tbody>\n<\/table>\n<h2><\/h2>\n<p>A efectes del previst a la LOPD, \u00c0SIA SELMA FERNANDEZ us informa que les dades que volunt\u00e0riament ens est\u00e0 facilitant seran incorporades als nostres sistemes d&#8217;informaci\u00f3 per realitzar les gestions comercials i administratives necess\u00e0ries amb els usuaris de la web; Les operacions previstes per realitzar els tractaments s\u00f3n els seg\u00fcents: respondre les consultes i\/o proporcionar informacions requerides per l&#8217;Usuari; fer les prestacions de serveis i\/o productes contractats o subscrits per l&#8217;Usuari; realitzar totes aquelles activitats pr\u00f2pies d&#8217;\u00c0SIA SELMA FERNANDEZ pel present av\u00eds legal ressenyades i remetre el butllet\u00ed de not\u00edcies de la p\u00e0gina web.<\/p>\n<p>&nbsp;<\/p>\n<p>El\/la signant garanteix la veracitat de les dades aportades i es compromet a comunicar qualsevol canvi que es produeixi.<\/p>\n<p>El\/La Prestador\/a, mitjan\u00e7ant asterisc (*) a les caselles corresponents del formulari de contacte, us informa d&#8217;aquesta obligatorietat a l&#8217;Usuari, indicant quines dades s\u00f3n necess\u00e0ries. Mitjan\u00e7ant la indicaci\u00f3 i introducci\u00f3 de les dades, l&#8217;Usuari atorga el consentiment inequ\u00edvoc a \u00c0SIA SELMA FERNANDEZ perqu\u00e8 procedisca al tractament de les dades facilitades en pro de les finalitats esmentades. <\/p>\n<p>Les dades recollides es conservaran durant la vig\u00e8ncia del contracte i durant un per\u00edode addicional de 2 anys per facilitar, si escau, canvis de productes en garantia, reclamacions, etc\u2026 Un cop esgotat aquest termini, mantindrem les dades bloquejades durant els terminis de prescripci\u00f3 legalment establerts.<\/p>\n<p>No facilitar les dades personals sol\u00b7licitades o no acceptar aquesta pol\u00edtica de protecci\u00f3 de dades suposa la impossibilitat de subscriure&#8217;s, registrar-se o rebre informaci\u00f3 dels productes i serveis del prestador.<\/p>\n<p>De conformitat amb el que disposen les normatives vigents en protecci\u00f3 de dades personals, el prestador est\u00e0 complint totes les disposicions de les normatives RGPD i LOPD per al tractament de les dades personals de la seva responsabilitat, i manifestament amb els principis descrits a l&#8217;art. 5 del RGPD i l&#8217;art. 4 de la LOPD, pels quals s\u00f3n tractats de forma l\u00edcita, lleial i transparent en relaci\u00f3 amb linteressat i adequades, pertinents i limitats al necessari en relaci\u00f3 amb els fins per als quals s\u00f3n tractats.<\/p>\n<p>\u00c0SIA SELMA FERN\u00c1NDEZ garanteix que ha implementat pol\u00edtiques t\u00e8cniques i organitzatives apropiades per aplicar les mesures de seguretat establertes pel RGPD i la LOPD per protegir els drets i les llibertats dels Usuaris.<\/p>\n<p>D&#8217;acord amb aquestes normatives, doncs, us informem que teniu dret a sol\u00b7licitar l&#8217;acc\u00e9s, rectificaci\u00f3, portabilitat i supressi\u00f3 de les vostres dades i la limitaci\u00f3 i oposici\u00f3 al vostre tractament enviant un correu electr\u00f2nic a <a href=\"mailto:HOLA@ASIASELMA.COM\">HOLA@ASIASELMA.COM<\/a> Assumpte: &#8220;LOPD, Drets ARCO&#8221;, i adjuntant fotoc\u00f2pia del vostre DNI o qualsevol mitj\u00e0 an\u00e0leg en dret. Teniu dret a retirar el consentiment prestat en qualsevol moment. La retirada del consentiment no afecta la licitud del tractament efectuat abans de la retirada del consentiment. Tamb\u00e9 t\u00e9 dret a presentar una reclamaci\u00f3 davant l&#8217;autoritat de control si considera que els seus drets s&#8217;han vist vulnerats en relaci\u00f3 amb la protecci\u00f3 de les dades (agpd.es).   <\/p>\n<p>&nbsp;<\/p>\n<p><strong>DELEGAT DE PROTECCI\u00d3 DE DADES<\/strong><\/p>\n<p>Per donar compliment a la normativa de protecci\u00f3 de dades, \u00c0SIA SELMA FERNANDEZ, responsable de les activitats corresponents a seguretat privada, t\u00e9 designat un delegat de protecci\u00f3 de dades. Podeu contactar a trav\u00e9s de l&#8217;adre\u00e7a de correu electr\u00f2nic: hola@asiaselma.com <\/p>\n<p>&nbsp;<\/p>\n<p><strong>CONFIDENCIALITAT I CESSI\u00d3 DE DADES A TERCERS<\/strong><\/p>\n<p>Les dades que ens faciliti es tractaran de forma confidencial. El prestador ha adoptat totes les mesures t\u00e8cniques i organitzatives i tots els nivells de protecci\u00f3 necessaris per garantir la seguretat en el tractament de les dades i evitar la seva alteraci\u00f3, p\u00e8rdua, robatori, tractament o acc\u00e9s no autoritzat, d&#8217;acord amb l&#8217;estat de la tecnologia i naturalesa de les dades emmagatzemades. seguretat establertes a la normativa vigent.  <\/p>\n<p>&nbsp;<\/p>\n<p><strong>ACCEPTACI\u00d3 I CONSENTIMENT<\/strong><\/p>\n<p>L&#8217;Usuari declara haver estat informat de les condicions sobre protecci\u00f3 de dades de car\u00e0cter personal, acceptant-ne i consentint-ne el tractament automatitzat per part d&#8217;\u00c0SIA SELMA FERN\u00c1NDEZ en la forma i fins indicats en aquesta Pol\u00edtica de Protecci\u00f3 de Dades Personals.<\/p>\n<p>A trav\u00e9s d&#8217;aquesta Pol\u00edtica de Privadesa us informem que les fotografies que estiguin penjades a la web s\u00f3n propietat d&#8217;\u00c0SIA SELMA FERN\u00c1NDEZ, incloses les dels menors, en les quals, per a l&#8217;obtenci\u00f3 d&#8217;aquestes, s&#8217;ha obtingut el consentiment previ dels pares, tutors o representants legals mitjan\u00e7ant la signatura dels formularis realitzats a aquest efecte. Aix\u00f2 no obstant, els pares, tutors o representants dels menors, com a titulars de l&#8217;exercici dels drets d&#8217;aquests, i sempre amb el requeriment formal previ per escrit, poden indicar la negativa a l&#8217;\u00fas de la imatge del menor; en aquest cas, la imatge es mostrar\u00e0 pixelada. <\/p>\n<p>&nbsp;<\/p>\n<p><strong>EXACTITUD I VERACITAT DE LES DADES<\/strong><\/p>\n<p>L&#8217;usuari \u00e9s l&#8217;\u00fanic responsable de la veracitat i la correcci\u00f3 de les dades que remeti a \u00c0SIA SELMA FERN\u00c1NDEZ, exonerant el Prestador de qualsevol responsabilitat sobre aix\u00f2. Els usuaris garanteixen i responen, en qualsevol cas, de l&#8217;exactitud, vig\u00e8ncia i autenticitat de les dades personals facilitades, i es comprometen a mantenir-les degudament actualitzades. L&#8217;usuari accepta proporcionar informaci\u00f3 completa i correcta al formulari de registre o subscripci\u00f3.  <\/p>\n<p>&nbsp;<\/p>\n<p><strong>CONTINGUT DE LA WEB I ENLLA\u00c7OS<\/strong><\/p>\n<p>\u00c0SIA SELMA FERN\u00c1NDEZ es reserva el dret a actualitzar, modificar o eliminar la informaci\u00f3 continguda a la web, podent fins i tot limitar o no permetre l&#8217;acc\u00e9s a la informaci\u00f3.<\/p>\n<p>\u00c0SIA SELMA FERN\u00c1NDEZ no assumeix cap tipus de responsabilitat per la informaci\u00f3 continguda a les Webs de tercers a qu\u00e8 es pugui accedir pels \u201clinks\u201d o enlla\u00e7os des de qualsevol p\u00e0gina Web propietat del Prestador\/a.<\/p>\n<p>La pres\u00e8ncia de \u201clinks\u201d o enlla\u00e7os nom\u00e9s tenen finalitat informativa i en cap cas suposa cap suggeriment, invitaci\u00f3 o reconeixement sobre aquests.<\/p>\n<p>&nbsp;<\/p>\n<p><strong>ENVIAMENT CV<\/strong><\/p>\n<p>En cas que l&#8217;usuari o usu\u00e0ria envi\u00ef el seu CV a trav\u00e9s del nostre web, us informem que les dades aportades seran tractades per fer-lo part\u00edcip dels processos de selecci\u00f3 que puguin existir, duent a terme una an\u00e0lisi del perfil del sol\u00b7licitant amb l&#8217;objectiu de seleccionar el millor candidat per al lloc vacant del Responsable. Us informem que aquest \u00e9s l&#8217;\u00fanic procediment oficial per acceptar el vostre curr\u00edculum, per la qual cosa no s&#8217;acceptaran els curr\u00edculums remesos per un altre procediment diferent. En cas de produir-se alguna modificaci\u00f3 en les dades, us preguem ens ho comuniqueu per escrit el m\u00e9s davant possible, a fi de mantenir les vostres dades degudament actualitzades.  <\/p>\n<p>Les dades es conservaran durant un termini m\u00e0xim d&#8217;un any, transcorregut el qual es procedir\u00e0 a la supressi\u00f3 de les dades garantint-li un total respecte a la confidencialitat tant en el tractament com en la destrucci\u00f3 posterior. En aquest sentit, transcorregut el termini esmentat, i si voleu continuar participant en els processos de selecci\u00f3 del Responsable, us preguem que ens remeti novament el seu curr\u00edculum. <\/p>\n<p>Les dades es podran tractar i\/o comunicar a les empreses integrants del nostre grup durant el temps de conservaci\u00f3 del seu curr\u00edculum i per a les mateixes finalitats abans informades.<\/p>\n<p>&nbsp;<\/p>\n<p>PUBLICITAT XARXES SOCIALS<\/p>\n<p>\u00c0SIA SELMA FERN\u00c1NDEZ utilitza i \u00e9s titular de perfils a les seg\u00fcents xarxes socials: Instagram, Whatsapp, Linkedin, X , BluesKy i Mastodon. Cadascuna disposa de la seva pr\u00f2pia pol\u00edtica de privadesa. <\/p>\n<p>La finalitat de crear un perfil social a les xarxes socials \u00e9s oferir informaci\u00f3 d&#8217;inter\u00e8s de l&#8217;usuari i promocionar els seus productes i serveis.<\/p>\n<p>L&#8217;\u00fas de xarxes socials per part de l&#8217;usuari implica l&#8217;acceptaci\u00f3 de la pol\u00edtica de privadesa de la xarxa social i en cada cas la configuraci\u00f3 del seu perfil per garantir-ne la privadesa.<\/p>\n<p>Les dades de l&#8217;Usuari a la Xarxa Social seran tractades \u00fanicament, dins de la pr\u00f2pia Xarxa Social i en cap cas fora.<\/p>\n<p>L&#8217;Usuari t\u00e9 dret a exercir els seus drets davant de l&#8217;empresa tenint en compte que l&#8217;exercici dels drets estar\u00e0 ajustat per les condicions de la Xarxa Social i la seva privadesa.<\/p>\n<p>A continuaci\u00f3 detallem l&#8217;enlla\u00e7 a la pol\u00edtica de privadesa de la Xarxa Social:<\/p>\n<p>&nbsp;<\/p>\n<p><span>Twitter: https:\/\/twitter.com\/tos?lang=ca<\/span><\/p>\n<p><span>Google: https:\/\/www.google.com\/policies\/privacy\/<\/span><\/p>\n<p><span>Instagram: https:\/\/help.instagram.com\/519522125107875<\/span><\/p>\n<p><span>Whatsapp: https:\/\/www.whatsapp.com\/legal\/?eea=1#privacy-policy<\/span><\/p>\n<h2><\/h2>\n<p>PUBLICACI\u00d3 DEL SEU TESTIMONI<\/p>\n<p>En cas que l&#8217;usuari vulgui publicar la seva opini\u00f3 a la web, us informem que les dades aportades seran tractades per atendre els suggeriments proposats, experi\u00e8ncies o opinions respecte dels productes i\/o serveis per ser publicats a la p\u00e0gina web i aix\u00ed poder ajudar altres usuaris. Les dades es conservaran mentre hi hagi un inter\u00e8s mutu per mantenir la fi del tractament i quan ja no sigui necessari per a aquest fi, se suprimiran amb mesures de seguretat adequades per garantir la pseudonimitzaci\u00f3 de les dades o destrucci\u00f3 total d&#8217;aquestes. Els testimonis es publicaran a la nostra p\u00e0gina web. Les \u00faniques dades personals que es publicaran del testimoni seran les facilitades a Google, at\u00e8s que els testimonis es recolliran. Si en algun moment es publica un testimoni fora de Google, nom\u00e9s s&#8217;utilitzar\u00e0 el nom, cognoms si es faciliten i el web, la xarxa social o la plataforma on s&#8217;hagi facilitat.    <\/p>\n<p>&nbsp;<\/p>\n<p>CANVIS A LA PRESENT POL\u00cdTICA DE PRIVACITAT<\/p>\n<p>\u00c0SIA SELMA FERN\u00c1NDEZ es reserva el dret de modificar aquesta pol\u00edtica per adaptar-la a novetats legislatives o jurisprudencials.<\/p>\n<p>&nbsp;<\/p>\n<p>CORREUS COMERCIALS<\/p>\n<p>D&#8217;acord amb la LSSICE, \u00c0SIA SELMA FERN\u00c1NDEZ no fa pr\u00e0ctiques de SPAM, per tant no envia correus comercials per correu electr\u00f2nic que no hagin estat pr\u00e8viament sol\u00b7licitats o autoritzats per l&#8217;Usuari. En conseq\u00fc\u00e8ncia, a cadascun dels formularis de la P\u00e0gina Web, l&#8217;Usuari t\u00e9 la possibilitat de donar el seu consentiment expr\u00e9s per rebre el nostre Butllet\u00ed, amb independ\u00e8ncia de la informaci\u00f3 comercial puntualment sol\u00b7licitada. <\/p>\n<p>LEGISLACI\u00d3<\/p>\n<p>Amb car\u00e0cter general les relacions entre \u00c0SIA SELMA FERN\u00c1NDEZ amb els Usuaris i usu\u00e0ries dels seus serveis telem\u00e0tics, presents en aquesta Web, estan sotmesos a la legislaci\u00f3 i jurisdicci\u00f3 espanyola a qu\u00e8 se sotmeten expressament les parts, sent competents per la resoluci\u00f3 de tots els conflictes derivats o relacionats amb el seu \u00fas els Jutjats i Tribunals de BARCELONA.<\/p>\n<p>[\/et_pb_text][\/et_pb_column][\/et_pb_row][\/et_pb_section]<\/p>\n","protected":false},"excerpt":{"rendered":"<p>POL\u00cdTICA DE PRIVACITAT En compliment del Cap\u00edtol II de la llei 34\/2002, LSSICE, us informem que aquesta p\u00e0gina web \u00e9s propietat d&#8217;ASIA SELMA FERNANDEZ, d&#8217;ara endavant tamb\u00e9 el Prestador, domiciliada a Ptge. Federica Montseny i Ma\u00f1\u00e9, 7, Santa Perp\u00e8tua de. Mogoda, tel\u00e8fon de contacte: 691.038.634, i email: hola@asiaselma.com \u00c0sia Selma Fern\u00e1ndez, com a responsable del [&hellip;]<\/p>\n","protected":false},"author":1,"featured_media":0,"parent":0,"menu_order":0,"comment_status":"closed","ping_status":"open","template":"","meta":{"_et_pb_use_builder":"on","_et_pb_old_content":"","_et_gb_content_width":"","footnotes":""},"difl_page_category":[],"class_list":["post-541","page","type-page","status-publish","hentry"],"_links":{"self":[{"href":"https:\/\/www.asiaselma.com\/ca\/wp-json\/wp\/v2\/pages\/541","targetHints":{"allow":["GET"]}}],"collection":[{"href":"https:\/\/www.asiaselma.com\/ca\/wp-json\/wp\/v2\/pages"}],"about":[{"href":"https:\/\/www.asiaselma.com\/ca\/wp-json\/wp\/v2\/types\/page"}],"author":[{"embeddable":true,"href":"https:\/\/www.asiaselma.com\/ca\/wp-json\/wp\/v2\/users\/1"}],"replies":[{"embeddable":true,"href":"https:\/\/www.asiaselma.com\/ca\/wp-json\/wp\/v2\/comments?post=541"}],"version-history":[{"count":8,"href":"https:\/\/www.asiaselma.com\/ca\/wp-json\/wp\/v2\/pages\/541\/revisions"}],"predecessor-version":[{"id":1283,"href":"https:\/\/www.asiaselma.com\/ca\/wp-json\/wp\/v2\/pages\/541\/revisions\/1283"}],"wp:attachment":[{"href":"https:\/\/www.asiaselma.com\/ca\/wp-json\/wp\/v2\/media?parent=541"}],"wp:term":[{"taxonomy":"difl_page_category","embeddable":true,"href":"https:\/\/www.asiaselma.com\/ca\/wp-json\/wp\/v2\/difl_page_category?post=541"}],"curies":[{"name":"wp","href":"https:\/\/api.w.org\/{rel}","templated":true}]}}